{"id":11,"date":"2024-04-09T15:34:09","date_gmt":"2024-04-09T15:34:09","guid":{"rendered":"https:\/\/sytylis.pl\/?page_id=11"},"modified":"2025-03-26T22:08:40","modified_gmt":"2025-03-26T22:08:40","slug":"11-2","status":"publish","type":"page","link":"https:\/\/sytylis.pl\/","title":{"rendered":""},"content":{"rendered":"\n<div class=\"wp-block-group alignfull has-accent-background-color has-background has-global-padding is-layout-constrained wp-block-group-is-layout-constrained\" style=\"margin-top:0;margin-bottom:0;padding-top:var(--wp--preset--spacing--40);padding-right:var(--wp--preset--spacing--40);padding-bottom:var(--wp--preset--spacing--40);padding-left:var(--wp--preset--spacing--40)\">\n<div class=\"wp-block-columns alignwide is-layout-flex wp-container-core-columns-is-layout-1 wp-block-columns-is-layout-flex\">\n<div class=\"wp-block-column is-vertically-aligned-stretch is-layout-flow wp-block-column-is-layout-flow\" style=\"flex-basis:50%\">\n<p class=\"has-heading-font-family has-x-large-font-size\" style=\"line-height:1.2\">Zapraszamy Ci\u0119 do odkrywania smak\u00f3w razem z lisem. Specjalizujemy si\u0119, jak ka\u017cdy lis <br>w potrawach z drobiu, ale w naszej sytej ofercie znajdziesz te\u017c inne propozycje. <\/p>\n\n\n\n<div style=\"height:40px\" aria-hidden=\"true\" class=\"wp-block-spacer\"><\/div>\n\n\n\n<div class=\"wp-block-group has-global-padding is-content-justification-left is-layout-constrained wp-container-core-group-is-layout-1 wp-block-group-is-layout-constrained\">\n<p class=\"has-contrast-color has-text-color has-link-color wp-elements-94967b0835245fb00d0115021747b246 wp-container-content-1\">Zobacz, gdzie najesz si\u0119 do syta!<\/p>\n\n\n\n<div class=\"wp-block-buttons is-layout-flex wp-block-buttons-is-layout-flex\">\n<div class=\"wp-block-button\"><a class=\"wp-block-button__link has-accent-3-background-color has-background wp-element-button\" href=\"#lokalizacje\">Nasze Lokalizacje<\/a><\/div>\n<\/div>\n<\/div>\n<\/div>\n\n\n\n<div class=\"wp-block-column is-vertically-aligned-center is-layout-flow wp-block-column-is-layout-flow\" style=\"flex-basis:50%\">\n<figure class=\"wp-block-gallery has-nested-images columns-default is-cropped wp-block-gallery-2 is-layout-flex wp-block-gallery-is-layout-flex\">\n<figure class=\"wp-block-image size-large\"><img loading=\"lazy\" decoding=\"async\" width=\"1024\" height=\"1024\" src=\"https:\/\/sytylis.pl\/wp-content\/uploads\/2024\/01\/a62dd8e4-ed65-4a76-894f-cb3a67a86108.jpeg\" alt=\"\" class=\"wp-image-8\" srcset=\"https:\/\/sytylis.pl\/wp-content\/uploads\/2024\/01\/a62dd8e4-ed65-4a76-894f-cb3a67a86108.jpeg 1024w, https:\/\/sytylis.pl\/wp-content\/uploads\/2024\/01\/a62dd8e4-ed65-4a76-894f-cb3a67a86108-300x300.jpeg 300w, https:\/\/sytylis.pl\/wp-content\/uploads\/2024\/01\/a62dd8e4-ed65-4a76-894f-cb3a67a86108-150x150.jpeg 150w, https:\/\/sytylis.pl\/wp-content\/uploads\/2024\/01\/a62dd8e4-ed65-4a76-894f-cb3a67a86108-768x768.jpeg 768w\" sizes=\"(max-width: 1024px) 100vw, 1024px\" \/><\/figure>\n<\/figure>\n<\/div>\n<\/div>\n<\/div>\n\n\n\n<div class=\"wp-block-group alignfull has-base-2-background-color has-background has-global-padding is-layout-constrained wp-block-group-is-layout-constrained\" style=\"margin-top:0;margin-bottom:0;padding-top:var(--wp--preset--spacing--50);padding-right:var(--wp--preset--spacing--50);padding-bottom:var(--wp--preset--spacing--50);padding-left:var(--wp--preset--spacing--50)\">\n<div class=\"wp-block-group is-vertical is-content-justification-center is-layout-flex wp-container-core-group-is-layout-3 wp-block-group-is-layout-flex\">\n<h2 class=\"wp-block-heading has-text-align-center has-xx-large-font-size\" id=\"lokalizacje\">Nasze lokalizacje:<\/h2>\n\n\n\n<p class=\"has-text-align-center\">Tu znajdziesz Sytego Lisa<\/p>\n<\/div>\n\n\n\n<div style=\"height:var(--wp--preset--spacing--30)\" aria-hidden=\"true\" class=\"wp-block-spacer\"><\/div>\n\n\n\n<div class=\"wp-block-columns alignwide is-layout-flex wp-container-core-columns-is-layout-2 wp-block-columns-is-layout-flex\" style=\"padding-right:0;padding-left:0\">\n<div class=\"wp-block-column is-layout-flow wp-block-column-is-layout-flow\">\n<figure class=\"wp-block-image size-full is-style-rounded\"><a href=\"https:\/\/maps.app.goo.gl\/MryBrLepUFovbsSD9\" target=\"_blank\" rel=\"noreferrer noopener\"><img loading=\"lazy\" decoding=\"async\" width=\"524\" height=\"513\" src=\"https:\/\/sytylis.pl\/wp-content\/uploads\/2025\/03\/tarnow2-1.png\" alt=\"\" class=\"wp-image-100\" srcset=\"https:\/\/sytylis.pl\/wp-content\/uploads\/2025\/03\/tarnow2-1.png 524w, https:\/\/sytylis.pl\/wp-content\/uploads\/2025\/03\/tarnow2-1-300x294.png 300w\" sizes=\"(max-width: 524px) 100vw, 524px\" \/><\/a><\/figure>\n\n\n\n<div class=\"wp-block-group is-vertical is-content-justification-center is-nowrap is-layout-flex wp-container-core-group-is-layout-4 wp-block-group-is-layout-flex\">\n<p class=\"has-text-align-center has-medium-font-size\"><strong>Syty Lis Tarn\u00f3w&nbsp;<\/strong><\/p>\n\n\n\n<p class=\"has-text-align-center has-small-font-size\">Lwowska 63,<\/p>\n\n\n\n<p class=\"has-text-align-center has-small-font-size\"> 33-100 Tarn\u00f3w<\/p>\n\n\n\n<div style=\"height:10px\" aria-hidden=\"true\" class=\"wp-block-spacer wp-container-content-3\"><\/div>\n\n\n\n<p>+48 506 625 727<\/p>\n<\/div>\n<\/div>\n\n\n\n<div class=\"wp-block-column is-layout-flow wp-block-column-is-layout-flow\">\n<figure class=\"wp-block-image size-full is-style-rounded\"><a href=\"https:\/\/maps.app.goo.gl\/kwg12EiMkMGCsokdA\" target=\"_blank\" rel=\"noreferrer noopener\"><img loading=\"lazy\" decoding=\"async\" width=\"488\" height=\"381\" src=\"https:\/\/sytylis.pl\/wp-content\/uploads\/2024\/04\/Czewa-edited.png\" alt=\"\" class=\"wp-image-51\" style=\"aspect-ratio:1;object-fit:cover\" srcset=\"https:\/\/sytylis.pl\/wp-content\/uploads\/2024\/04\/Czewa-edited.png 488w, https:\/\/sytylis.pl\/wp-content\/uploads\/2024\/04\/Czewa-edited-300x234.png 300w\" sizes=\"(max-width: 488px) 100vw, 488px\" \/><\/a><\/figure>\n\n\n\n<div class=\"wp-block-group is-vertical is-content-justification-center is-nowrap is-layout-flex wp-container-core-group-is-layout-5 wp-block-group-is-layout-flex\">\n<p class=\"has-text-align-center has-medium-font-size\"><strong>Syty Lis Cz\u0119stochowa<\/strong><\/p>\n\n\n\n<p class=\"has-text-align-center has-small-font-size\">Gen.Leopolda Okulickiego 50, <\/p>\n\n\n\n<p class=\"has-text-align-center has-small-font-size\">42-218 Cz\u0119stochowa<\/p>\n\n\n\n<div style=\"height:10px\" aria-hidden=\"true\" class=\"wp-block-spacer wp-container-content-4\"><\/div>\n\n\n\n<p>+48 506 626 080<\/p>\n<\/div>\n<\/div>\n\n\n\n<div class=\"wp-block-column is-layout-flow wp-block-column-is-layout-flow\">\n<figure class=\"wp-block-image size-full is-style-rounded\"><a href=\"https:\/\/maps.app.goo.gl\/r2XxpDHF17nPDUsv6\" target=\"_blank\" rel=\"noreferrer noopener\"><img loading=\"lazy\" decoding=\"async\" width=\"488\" height=\"381\" src=\"https:\/\/sytylis.pl\/wp-content\/uploads\/2024\/04\/plock-edited.png\" alt=\"\" class=\"wp-image-53\" style=\"aspect-ratio:1;object-fit:cover\" srcset=\"https:\/\/sytylis.pl\/wp-content\/uploads\/2024\/04\/plock-edited.png 488w, https:\/\/sytylis.pl\/wp-content\/uploads\/2024\/04\/plock-edited-300x234.png 300w\" sizes=\"(max-width: 488px) 100vw, 488px\" \/><\/a><\/figure>\n\n\n\n<div class=\"wp-block-group is-vertical is-content-justification-center is-nowrap is-layout-flex wp-container-core-group-is-layout-6 wp-block-group-is-layout-flex\">\n<p class=\"has-text-align-center has-medium-font-size\"><strong><strong>Syty Lis P\u0142ock<\/strong><\/strong><\/p>\n\n\n\n<p class=\"has-text-align-center has-small-font-size\">K.I. Ga\u0142czy\u0144skiego 11, <\/p>\n\n\n\n<p class=\"has-text-align-center has-small-font-size\">09-400 P\u0142ock<\/p>\n\n\n\n<div style=\"height:10px\" aria-hidden=\"true\" class=\"wp-block-spacer wp-container-content-5\"><\/div>\n\n\n\n<p>+48 506 626 085<\/p>\n<\/div>\n<\/div>\n\n\n\n<div class=\"wp-block-column is-layout-flow wp-block-column-is-layout-flow\">\n<figure class=\"wp-block-image size-full is-style-rounded\"><a href=\"https:\/\/maps.app.goo.gl\/fzSBzcU3hvKrUU7d8\" target=\"_blank\" rel=\"noreferrer noopener\"><img loading=\"lazy\" decoding=\"async\" width=\"738\" height=\"422\" src=\"https:\/\/sytylis.pl\/wp-content\/uploads\/2024\/04\/slupsk-1-edited.png\" alt=\"\" class=\"wp-image-56\" style=\"aspect-ratio:1;object-fit:cover\" srcset=\"https:\/\/sytylis.pl\/wp-content\/uploads\/2024\/04\/slupsk-1-edited.png 738w, https:\/\/sytylis.pl\/wp-content\/uploads\/2024\/04\/slupsk-1-edited-300x172.png 300w\" sizes=\"(max-width: 738px) 100vw, 738px\" \/><\/a><\/figure>\n\n\n\n<div class=\"wp-block-group is-vertical is-content-justification-center is-nowrap is-layout-flex wp-container-core-group-is-layout-7 wp-block-group-is-layout-flex\">\n<p class=\"has-text-align-center has-medium-font-size\"><strong><strong>Syty Lis S\u0142upsk<\/strong><\/strong><\/p>\n\n\n\n<p class=\"has-text-align-center has-small-font-size\">Hugona Ko\u0142\u0142\u0105taja 25, <\/p>\n\n\n\n<p class=\"has-text-align-center has-small-font-size\">76-200 S\u0142upsk<\/p>\n\n\n\n<div style=\"height:10px\" aria-hidden=\"true\" class=\"wp-block-spacer wp-container-content-6\"><\/div>\n\n\n\n<p>+48 xxx xxx xxx<\/p>\n<\/div>\n<\/div>\n<\/div>\n\n\n\n<div class=\"wp-block-buttons alignfull is-layout-flex wp-block-buttons-is-layout-flex\"><\/div>\n\n\n\n<hr class=\"wp-block-separator has-alpha-channel-opacity\"\/>\n\n\n\n<div class=\"wp-block-buttons has-custom-font-size has-large-font-size is-content-justification-center is-layout-flex wp-container-core-buttons-is-layout-3 wp-block-buttons-is-layout-flex\" id=\"menu\" style=\"font-style:normal;font-weight:100\">\n<div class=\"wp-block-button is-style-fill\" id=\"menu\"><a class=\"wp-block-button__link has-accent-3-background-color has-background wp-element-button\">Znajdziesz u nas najlepszej jako\u015bci kurczaki, tortille i inne dania z drobiem. Wpadnij i przekonaj si\u0119 sam, jak dobrze gotuje Lis! <\/a><\/div>\n<\/div>\n\n\n\n<p class=\"has-text-align-center\" style=\"font-size:0.7rem\"><strong><a href=\"https:\/\/sytylis.pl\/wp-content\/uploads\/2024\/04\/Tabela-wartosci-odzywczych-i-Alergenow.pdf\" target=\"_blank\" rel=\"noreferrer noopener\">Tabela warto\u015bci od\u017cywczych i Alergen\u00f3w<\/a><\/strong><\/p>\n<\/div>\n\n\n\n<div class=\"wp-block-group alignfull has-global-padding is-layout-constrained wp-block-group-is-layout-constrained\" style=\"margin-top:0;margin-bottom:0;padding-top:var(--wp--preset--spacing--50);padding-right:var(--wp--preset--spacing--50);padding-bottom:var(--wp--preset--spacing--50);padding-left:var(--wp--preset--spacing--50)\">\n<div class=\"wp-block-group alignwide has-base-2-background-color has-background is-layout-flow wp-block-group-is-layout-flow\" style=\"border-radius:16px;padding-top:var(--wp--preset--spacing--50);padding-right:var(--wp--preset--spacing--50);padding-bottom:var(--wp--preset--spacing--50);padding-left:var(--wp--preset--spacing--50)\">\n<p class=\"has-text-align-center\">Menu Lisa<\/p>\n\n\n\n<div style=\"height:var(--wp--preset--spacing--10)\" aria-hidden=\"true\" class=\"wp-block-spacer\"><\/div>\n\n\n\n<div class=\"wp-block-group alignwide is-content-justification-center is-layout-flex wp-container-core-group-is-layout-9 wp-block-group-is-layout-flex\" style=\"padding-top:0;padding-right:0;padding-bottom:0;padding-left:0\">\n<div class=\"wp-block-buttons is-layout-flex wp-block-buttons-is-layout-flex\">\n<div class=\"wp-block-button is-style-fill\"><a class=\"wp-block-button__link has-accent-3-background-color has-background wp-element-button\" href=\"https:\/\/sytylis.pl\/wp-content\/uploads\/2025\/02\/TARNOW.jpeg\" target=\"_blank\" rel=\"noreferrer noopener\">TARN\u00d3W<\/a><\/div>\n<\/div>\n\n\n\n<div class=\"wp-block-buttons is-layout-flex wp-block-buttons-is-layout-flex\">\n<div class=\"wp-block-button is-style-fill\"><a class=\"wp-block-button__link has-accent-3-background-color has-background wp-element-button\" href=\"https:\/\/sytylis.pl\/wp-content\/uploads\/2025\/02\/CZESTOCHOWA.jpeg\" target=\"_blank\" rel=\"noreferrer noopener\">CZ\u0118STOCHOWA<\/a><\/div>\n<\/div>\n\n\n\n<div class=\"wp-block-buttons is-layout-flex wp-block-buttons-is-layout-flex\">\n<div class=\"wp-block-button is-style-fill\"><a class=\"wp-block-button__link has-accent-3-background-color has-background wp-element-button\" href=\"https:\/\/sytylis.pl\/wp-content\/uploads\/2025\/02\/PLOCK.jpeg\" target=\"_blank\" rel=\"noreferrer noopener\">P\u0141OCK<\/a><\/div>\n<\/div>\n\n\n\n<div class=\"wp-block-buttons is-layout-flex wp-block-buttons-is-layout-flex\">\n<div class=\"wp-block-button is-style-fill\"><a class=\"wp-block-button__link has-accent-3-background-color has-background wp-element-button\" href=\"https:\/\/sytylis.pl\/wp-content\/uploads\/2025\/02\/SLUPSK.jpeg\" target=\"_blank\" rel=\"noreferrer noopener\">S\u0141UPSK<\/a><\/div>\n<\/div>\n<\/div>\n<\/div>\n<\/div>\n\n\n\n<div class=\"wp-block-group alignfull has-global-padding is-layout-constrained wp-block-group-is-layout-constrained\" style=\"margin-top:0;margin-bottom:0;padding-top:var(--wp--preset--spacing--20);padding-right:var(--wp--preset--spacing--30);padding-bottom:var(--wp--preset--spacing--20);padding-left:var(--wp--preset--spacing--30)\">\n<div class=\"wp-block-columns alignwide are-vertically-aligned-center is-layout-flex wp-container-core-columns-is-layout-3 wp-block-columns-is-layout-flex\">\n<div class=\"wp-block-column is-vertically-aligned-center is-layout-flow wp-block-column-is-layout-flow\" style=\"flex-basis:50%\">\n<h2 class=\"wp-block-heading\" id=\"kontakt\">Kontakt z Lisem<\/h2>\n\n\n\n<p>Centrala Lisa:<\/p>\n\n\n\n<p>ul. Powsta\u0144c\u00f3w \u015al\u0105skich 6<br>43-300 Bielsko &#8211; Bia\u0142a<\/p>\n\n\n\n<div class=\"wp-block-buttons is-layout-flex wp-block-buttons-is-layout-flex\">\n<div class=\"wp-block-button is-style-outline\"><a class=\"wp-block-button__link wp-element-button\" href=\"mailto:biuro@sytylis.pl\">Skontaktuj si\u0119 z Lisem &#8211; E-mail<\/a><\/div>\n<\/div>\n<\/div>\n\n\n\n<div class=\"wp-block-column is-vertically-aligned-center is-layout-flow wp-block-column-is-layout-flow\" style=\"flex-basis:50%\">\n<figure class=\"wp-block-image size-full is-style-rounded\"><img loading=\"lazy\" decoding=\"async\" width=\"512\" height=\"512\" src=\"https:\/\/sytylis.pl\/wp-content\/uploads\/2024\/04\/cropped-KOLOR.png\" alt=\"\" class=\"wp-image-37\" style=\"aspect-ratio:4\/3;object-fit:cover\" srcset=\"https:\/\/sytylis.pl\/wp-content\/uploads\/2024\/04\/cropped-KOLOR.png 512w, https:\/\/sytylis.pl\/wp-content\/uploads\/2024\/04\/cropped-KOLOR-300x300.png 300w, https:\/\/sytylis.pl\/wp-content\/uploads\/2024\/04\/cropped-KOLOR-150x150.png 150w, https:\/\/sytylis.pl\/wp-content\/uploads\/2024\/04\/cropped-KOLOR-270x270.png 270w, https:\/\/sytylis.pl\/wp-content\/uploads\/2024\/04\/cropped-KOLOR-192x192.png 192w, https:\/\/sytylis.pl\/wp-content\/uploads\/2024\/04\/cropped-KOLOR-180x180.png 180w, https:\/\/sytylis.pl\/wp-content\/uploads\/2024\/04\/cropped-KOLOR-32x32.png 32w\" sizes=\"(max-width: 512px) 100vw, 512px\" \/><\/figure>\n<\/div>\n<\/div>\n<\/div>\n","protected":false},"excerpt":{"rendered":"<p>Zapraszamy Ci\u0119 do odkrywania smak\u00f3w razem z lisem. Specjalizujemy si\u0119, jak ka\u017cdy lis w potrawach z drobiu, ale w naszej sytej ofercie znajdziesz te\u017c inne propozycje. Zobacz, gdzie najesz si\u0119 do syta! Nasze lokalizacje: Tu znajdziesz Sytego Lisa Syty Lis Tarn\u00f3w&nbsp; Lwowska 63, 33-100 Tarn\u00f3w +48 506 625 727 Syty Lis Cz\u0119stochowa Gen.Leopolda Okulickiego 50, [&hellip;]<\/p>\n","protected":false},"author":1,"featured_media":0,"parent":0,"menu_order":0,"comment_status":"closed","ping_status":"closed","template":"","meta":{"footnotes":""},"_links":{"self":[{"href":"https:\/\/sytylis.pl\/index.php?rest_route=\/wp\/v2\/pages\/11"}],"collection":[{"href":"https:\/\/sytylis.pl\/index.php?rest_route=\/wp\/v2\/pages"}],"about":[{"href":"https:\/\/sytylis.pl\/index.php?rest_route=\/wp\/v2\/types\/page"}],"author":[{"embeddable":true,"href":"https:\/\/sytylis.pl\/index.php?rest_route=\/wp\/v2\/users\/1"}],"replies":[{"embeddable":true,"href":"https:\/\/sytylis.pl\/index.php?rest_route=%2Fwp%2Fv2%2Fcomments&post=11"}],"version-history":[{"count":26,"href":"https:\/\/sytylis.pl\/index.php?rest_route=\/wp\/v2\/pages\/11\/revisions"}],"predecessor-version":[{"id":102,"href":"https:\/\/sytylis.pl\/index.php?rest_route=\/wp\/v2\/pages\/11\/revisions\/102"}],"wp:attachment":[{"href":"https:\/\/sytylis.pl\/index.php?rest_route=%2Fwp%2Fv2%2Fmedia&parent=11"}],"curies":[{"name":"wp","href":"https:\/\/api.w.org\/{rel}","templated":true}]}}